{"id":196,"date":"2024-10-08T21:26:13","date_gmt":"2024-10-08T21:26:13","guid":{"rendered":"https:\/\/bullesdenuit.com\/?page_id=196"},"modified":"2025-10-16T13:55:49","modified_gmt":"2025-10-16T13:55:49","slug":"contactez-nous","status":"publish","type":"page","link":"https:\/\/bullesdenuit.com\/en\/contactez-nous\/","title":{"rendered":"Contactez-nous"},"content":{"rendered":"<div data-elementor-type=\"wp-page\" data-elementor-id=\"196\" class=\"elementor elementor-196\" data-elementor-post-type=\"page\">\n\t\t\t\t<div class=\"elementor-element elementor-element-d05b45c e-con-full e-flex e-con e-parent\" data-id=\"d05b45c\" data-element_type=\"container\" data-e-type=\"container\" data-settings=\"{&quot;background_background&quot;:&quot;classic&quot;,&quot;_ob_use_container_extras&quot;:&quot;no&quot;,&quot;_ob_column_hoveranimator&quot;:&quot;no&quot;,&quot;_ob_glider_is_slider&quot;:&quot;no&quot;,&quot;_ob_column_has_pseudo&quot;:&quot;no&quot;}\">\n\t\t\t\t<div class=\"elementor-element elementor-element-00f2056 ob-harakiri-inherit ob-has-background-overlay elementor-widget elementor-widget-heading\" data-id=\"00f2056\" data-element_type=\"widget\" data-e-type=\"widget\" data-settings=\"{&quot;_ob_use_harakiri&quot;:&quot;yes&quot;,&quot;_ob_harakiri_writing_mode&quot;:&quot;inherit&quot;,&quot;_ob_harakiri_text_clip&quot;:&quot;none&quot;,&quot;_ob_widget_stalker_use&quot;:&quot;no&quot;,&quot;_ob_poopart_use&quot;:&quot;yes&quot;,&quot;_ob_shadough_use&quot;:&quot;no&quot;,&quot;_ob_allow_hoveranimator&quot;:&quot;no&quot;}\" data-widget_type=\"heading.default\">\n\t\t\t\t<div class=\"elementor-widget-container\">\n\t\t\t\t\t<h2 class=\"elementor-heading-title elementor-size-default\">CONTACT US<\/h2>\t\t\t\t<\/div>\n\t\t\t\t<\/div>\n\t\t\t\t<div class=\"elementor-element elementor-element-f3cf7ce ob-has-background-overlay elementor-widget elementor-widget-spacer\" data-id=\"f3cf7ce\" data-element_type=\"widget\" data-e-type=\"widget\" data-settings=\"{&quot;_ob_spacerat_use&quot;:&quot;no&quot;,&quot;_ob_widget_stalker_use&quot;:&quot;no&quot;,&quot;_ob_poopart_use&quot;:&quot;yes&quot;,&quot;_ob_shadough_use&quot;:&quot;no&quot;,&quot;_ob_allow_hoveranimator&quot;:&quot;no&quot;}\" data-widget_type=\"spacer.default\">\n\t\t\t\t<div class=\"elementor-widget-container\">\n\t\t\t\t\t\t\t<div class=\"elementor-spacer\">\n\t\t\t<div class=\"elementor-spacer-inner\"><\/div>\n\t\t<\/div>\n\t\t\t\t\t\t<\/div>\n\t\t\t\t<\/div>\n\t\t\t\t<\/div>\n\t\t<div class=\"elementor-element elementor-element-0beac2e e-con-full e-flex e-con e-parent\" data-id=\"0beac2e\" data-element_type=\"container\" data-e-type=\"container\" data-settings=\"{&quot;_ob_use_container_extras&quot;:&quot;no&quot;,&quot;_ob_column_hoveranimator&quot;:&quot;no&quot;,&quot;_ob_glider_is_slider&quot;:&quot;no&quot;,&quot;_ob_column_has_pseudo&quot;:&quot;no&quot;}\">\n\t\t\t\t<div class=\"elementor-element elementor-element-ed06ff0 ob-harakiri-inherit ob-has-background-overlay elementor-widget elementor-widget-heading\" data-id=\"ed06ff0\" data-element_type=\"widget\" data-e-type=\"widget\" data-settings=\"{&quot;_ob_use_harakiri&quot;:&quot;yes&quot;,&quot;_ob_harakiri_writing_mode&quot;:&quot;inherit&quot;,&quot;_ob_harakiri_text_clip&quot;:&quot;none&quot;,&quot;_ob_widget_stalker_use&quot;:&quot;no&quot;,&quot;_ob_poopart_use&quot;:&quot;yes&quot;,&quot;_ob_shadough_use&quot;:&quot;no&quot;,&quot;_ob_allow_hoveranimator&quot;:&quot;no&quot;}\" data-widget_type=\"heading.default\">\n\t\t\t\t<div class=\"elementor-widget-container\">\n\t\t\t\t\t<h2 class=\"elementor-heading-title elementor-size-default\">We\u2019d love to hear from you! Whether you have comments, questions, or simply want to share your Bulles de Nuit story, feel free to reach out.  <\/h2>\t\t\t\t<\/div>\n\t\t\t\t<\/div>\n\t\t\t\t<div class=\"elementor-element elementor-element-379607e ob-harakiri-inherit ob-has-background-overlay elementor-widget elementor-widget-heading\" data-id=\"379607e\" data-element_type=\"widget\" data-e-type=\"widget\" data-settings=\"{&quot;_ob_use_harakiri&quot;:&quot;yes&quot;,&quot;_ob_harakiri_writing_mode&quot;:&quot;inherit&quot;,&quot;_ob_harakiri_text_clip&quot;:&quot;none&quot;,&quot;_ob_widget_stalker_use&quot;:&quot;no&quot;,&quot;_ob_poopart_use&quot;:&quot;yes&quot;,&quot;_ob_shadough_use&quot;:&quot;no&quot;,&quot;_ob_allow_hoveranimator&quot;:&quot;no&quot;}\" data-widget_type=\"heading.default\">\n\t\t\t\t<div class=\"elementor-widget-container\">\n\t\t\t\t\t<h2 class=\"elementor-heading-title elementor-size-default\">Here is how to reach us<\/h2>\t\t\t\t<\/div>\n\t\t\t\t<\/div>\n\t\t\t\t<\/div>\n\t\t<div class=\"elementor-element elementor-element-9e92053 e-flex e-con-boxed e-con e-parent\" data-id=\"9e92053\" data-element_type=\"container\" data-e-type=\"container\" data-settings=\"{&quot;_ob_use_container_extras&quot;:&quot;no&quot;,&quot;_ob_column_hoveranimator&quot;:&quot;no&quot;,&quot;_ob_glider_is_slider&quot;:&quot;no&quot;,&quot;_ob_column_has_pseudo&quot;:&quot;no&quot;}\">\n\t\t\t\t\t<div class=\"e-con-inner\">\n\t\t<div class=\"elementor-element elementor-element-55a1a18 e-con-full e-flex e-con e-child\" data-id=\"55a1a18\" data-element_type=\"container\" data-e-type=\"container\" data-settings=\"{&quot;_ob_use_container_extras&quot;:&quot;no&quot;,&quot;_ob_column_hoveranimator&quot;:&quot;no&quot;,&quot;_ob_glider_is_slider&quot;:&quot;no&quot;,&quot;_ob_column_has_pseudo&quot;:&quot;no&quot;}\">\n\t\t\t\t<div class=\"elementor-element elementor-element-2635f5f ob-harakiri-inherit ob-has-background-overlay elementor-widget elementor-widget-text-editor\" data-id=\"2635f5f\" data-element_type=\"widget\" data-e-type=\"widget\" data-settings=\"{&quot;_ob_use_harakiri&quot;:&quot;yes&quot;,&quot;_ob_harakiri_writing_mode&quot;:&quot;inherit&quot;,&quot;_ob_postman_use&quot;:&quot;no&quot;,&quot;_ob_widget_stalker_use&quot;:&quot;no&quot;,&quot;_ob_poopart_use&quot;:&quot;yes&quot;,&quot;_ob_shadough_use&quot;:&quot;no&quot;,&quot;_ob_allow_hoveranimator&quot;:&quot;no&quot;}\" data-widget_type=\"text-editor.default\">\n\t\t\t\t<div class=\"elementor-widget-container\">\n\t\t\t\t\t\t\t\t\t<p>Bulles de nuit<br \/>Brewed by Broue Alliance<br \/>Distributed by Groupe Omni<\/p>\t\t\t\t\t\t\t\t<\/div>\n\t\t\t\t<\/div>\n\t\t\t\t<\/div>\n\t\t<div class=\"elementor-element elementor-element-fe36306 e-con-full e-flex e-con e-child\" data-id=\"fe36306\" data-element_type=\"container\" data-e-type=\"container\" data-settings=\"{&quot;_ob_use_container_extras&quot;:&quot;no&quot;,&quot;_ob_column_hoveranimator&quot;:&quot;no&quot;,&quot;_ob_glider_is_slider&quot;:&quot;no&quot;,&quot;_ob_column_has_pseudo&quot;:&quot;no&quot;}\">\n\t\t\t\t<div class=\"elementor-element elementor-element-89aee01 ob-harakiri-inherit ob-has-background-overlay elementor-widget elementor-widget-text-editor\" data-id=\"89aee01\" data-element_type=\"widget\" data-e-type=\"widget\" data-settings=\"{&quot;_ob_use_harakiri&quot;:&quot;yes&quot;,&quot;_ob_harakiri_writing_mode&quot;:&quot;inherit&quot;,&quot;_ob_postman_use&quot;:&quot;no&quot;,&quot;_ob_widget_stalker_use&quot;:&quot;no&quot;,&quot;_ob_poopart_use&quot;:&quot;yes&quot;,&quot;_ob_shadough_use&quot;:&quot;no&quot;,&quot;_ob_allow_hoveranimator&quot;:&quot;no&quot;}\" data-widget_type=\"text-editor.default\">\n\t\t\t\t<div class=\"elementor-widget-container\">\n\t\t\t\t\t\t\t\t\t<p>3838 Boul. Leman<br \/>Laval (Qu\u00e9bec) H7E 1A1<br \/>1-877-661-0281<br \/>info@bullesdenuit.com<\/p>\t\t\t\t\t\t\t\t<\/div>\n\t\t\t\t<\/div>\n\t\t\t\t<\/div>\n\t\t\t\t\t<\/div>\n\t\t\t\t<\/div>\n\t\t\t\t<\/div>","protected":false},"excerpt":{"rendered":"<p>CONTACTEZ-NOUS N\u2019h\u00e9sitez pas \u00e0 nous contacter pour tout commentaire, question ou t\u00e9moignage. nous adorons vous lire Bulles de nuitBrass\u00e9 par Broue AllianceDistribu\u00e9 par le Groupe Omni 3838 Boul. LemanLaval (Qu\u00e9bec) H7E 1A11-877-661-0281info@bullesdenuit.com<\/p>","protected":false},"author":1,"featured_media":0,"parent":0,"menu_order":0,"comment_status":"closed","ping_status":"closed","template":"","meta":{"footnotes":""},"class_list":["post-196","page","type-page","status-publish","hentry"],"yoast_head":"<!-- This site is optimized with the Yoast SEO plugin v27.1.1 - https:\/\/yoast.com\/product\/yoast-seo-wordpress\/ -->\n<title>Contactez-nous - Bulles de Nuit<\/title>\n<meta name=\"robots\" content=\"index, follow, max-snippet:-1, max-image-preview:large, max-video-preview:-1\" \/>\n<link rel=\"canonical\" href=\"https:\/\/bullesdenuit.com\/en\/contactez-nous\/\" \/>\n<meta property=\"og:locale\" content=\"en_US\" \/>\n<meta property=\"og:type\" content=\"article\" \/>\n<meta property=\"og:title\" content=\"Contactez-nous - Bulles de Nuit\" \/>\n<meta property=\"og:description\" content=\"CONTACTEZ-NOUS N\u2019h\u00e9sitez pas \u00e0 nous contacter pour tout commentaire, question ou t\u00e9moignage. nous adorons vous lire Bulles de nuitBrass\u00e9 par Broue AllianceDistribu\u00e9 par le Groupe Omni 3838 Boul. LemanLaval (Qu\u00e9bec) H7E 1A11-877-661-0281info@bullesdenuit.com\" \/>\n<meta property=\"og:url\" content=\"https:\/\/bullesdenuit.com\/en\/contactez-nous\/\" \/>\n<meta property=\"og:site_name\" content=\"Bulles de Nuit\" \/>\n<meta property=\"article:publisher\" content=\"https:\/\/www.facebook.com\/bullesdenuit\" \/>\n<meta property=\"article:modified_time\" content=\"2025-10-16T13:55:49+00:00\" \/>\n<meta name=\"twitter:card\" content=\"summary_large_image\" \/>\n<meta name=\"twitter:label1\" content=\"Est. reading time\" \/>\n\t<meta name=\"twitter:data1\" content=\"1 minute\" \/>\n<script type=\"application\/ld+json\" class=\"yoast-schema-graph\">{\"@context\":\"https:\/\/schema.org\",\"@graph\":[{\"@type\":\"WebPage\",\"@id\":\"https:\/\/bullesdenuit.com\/contactez-nous\/\",\"url\":\"https:\/\/bullesdenuit.com\/contactez-nous\/\",\"name\":\"Contactez-nous - Bulles de Nuit\",\"isPartOf\":{\"@id\":\"https:\/\/bullesdenuit.com\/fr\/#website\"},\"datePublished\":\"2024-10-08T21:26:13+00:00\",\"dateModified\":\"2025-10-16T13:55:49+00:00\",\"breadcrumb\":{\"@id\":\"https:\/\/bullesdenuit.com\/contactez-nous\/#breadcrumb\"},\"inLanguage\":\"en-CA\",\"potentialAction\":[{\"@type\":\"ReadAction\",\"target\":[\"https:\/\/bullesdenuit.com\/contactez-nous\/\"]}]},{\"@type\":\"BreadcrumbList\",\"@id\":\"https:\/\/bullesdenuit.com\/contactez-nous\/#breadcrumb\",\"itemListElement\":[{\"@type\":\"ListItem\",\"position\":1,\"name\":\"Accueil\",\"item\":\"https:\/\/bullesdenuit.com\/\"},{\"@type\":\"ListItem\",\"position\":2,\"name\":\"Contactez-nous\"}]},{\"@type\":\"WebSite\",\"@id\":\"https:\/\/bullesdenuit.com\/fr\/#website\",\"url\":\"https:\/\/bullesdenuit.com\/fr\/\",\"name\":\"Bulles de Nuit\",\"description\":\"Bulles de nuit\",\"publisher\":{\"@id\":\"https:\/\/bullesdenuit.com\/fr\/#organization\"},\"potentialAction\":[{\"@type\":\"SearchAction\",\"target\":{\"@type\":\"EntryPoint\",\"urlTemplate\":\"https:\/\/bullesdenuit.com\/fr\/?s={search_term_string}\"},\"query-input\":{\"@type\":\"PropertyValueSpecification\",\"valueRequired\":true,\"valueName\":\"search_term_string\"}}],\"inLanguage\":\"en-CA\"},{\"@type\":\"Organization\",\"@id\":\"https:\/\/bullesdenuit.com\/fr\/#organization\",\"name\":\"Bulles de Nuit\",\"url\":\"https:\/\/bullesdenuit.com\/fr\/\",\"logo\":{\"@type\":\"ImageObject\",\"inLanguage\":\"en-CA\",\"@id\":\"https:\/\/bullesdenuit.com\/fr\/#\/schema\/logo\/image\/\",\"url\":\"https:\/\/bullesdenuit.com\/wp-content\/uploads\/2024\/10\/bulle-de-nuit1060-1.png\",\"contentUrl\":\"https:\/\/bullesdenuit.com\/wp-content\/uploads\/2024\/10\/bulle-de-nuit1060-1.png\",\"width\":764,\"height\":764,\"caption\":\"Bulles de Nuit\"},\"image\":{\"@id\":\"https:\/\/bullesdenuit.com\/fr\/#\/schema\/logo\/image\/\"},\"sameAs\":[\"https:\/\/www.facebook.com\/bullesdenuit\",\"https:\/\/www.instagram.com\/bullesdenuit\",\"https:\/\/www.tiktok.com\/@bullesdenuit\",\"https:\/\/ca.pinterest.com\/Bullesdenuit\/\"]}]}<\/script>\n<!-- \/ Yoast SEO plugin. -->","yoast_head_json":{"title":"Contactez-nous - Bulles de Nuit","robots":{"index":"index","follow":"follow","max-snippet":"max-snippet:-1","max-image-preview":"max-image-preview:large","max-video-preview":"max-video-preview:-1"},"canonical":"https:\/\/bullesdenuit.com\/en\/contactez-nous\/","og_locale":"en_US","og_type":"article","og_title":"Contactez-nous - Bulles de Nuit","og_description":"CONTACTEZ-NOUS N\u2019h\u00e9sitez pas \u00e0 nous contacter pour tout commentaire, question ou t\u00e9moignage. nous adorons vous lire Bulles de nuitBrass\u00e9 par Broue AllianceDistribu\u00e9 par le Groupe Omni 3838 Boul. LemanLaval (Qu\u00e9bec) H7E 1A11-877-661-0281info@bullesdenuit.com","og_url":"https:\/\/bullesdenuit.com\/en\/contactez-nous\/","og_site_name":"Bulles de Nuit","article_publisher":"https:\/\/www.facebook.com\/bullesdenuit","article_modified_time":"2025-10-16T13:55:49+00:00","twitter_card":"summary_large_image","twitter_misc":{"Est. reading time":"1 minute"},"schema":{"@context":"https:\/\/schema.org","@graph":[{"@type":"WebPage","@id":"https:\/\/bullesdenuit.com\/contactez-nous\/","url":"https:\/\/bullesdenuit.com\/contactez-nous\/","name":"Contactez-nous - Bulles de Nuit","isPartOf":{"@id":"https:\/\/bullesdenuit.com\/fr\/#website"},"datePublished":"2024-10-08T21:26:13+00:00","dateModified":"2025-10-16T13:55:49+00:00","breadcrumb":{"@id":"https:\/\/bullesdenuit.com\/contactez-nous\/#breadcrumb"},"inLanguage":"en-CA","potentialAction":[{"@type":"ReadAction","target":["https:\/\/bullesdenuit.com\/contactez-nous\/"]}]},{"@type":"BreadcrumbList","@id":"https:\/\/bullesdenuit.com\/contactez-nous\/#breadcrumb","itemListElement":[{"@type":"ListItem","position":1,"name":"Accueil","item":"https:\/\/bullesdenuit.com\/"},{"@type":"ListItem","position":2,"name":"Contactez-nous"}]},{"@type":"WebSite","@id":"https:\/\/bullesdenuit.com\/fr\/#website","url":"https:\/\/bullesdenuit.com\/fr\/","name":"Bulles de Nuit","description":"Bulles de nuit","publisher":{"@id":"https:\/\/bullesdenuit.com\/fr\/#organization"},"potentialAction":[{"@type":"SearchAction","target":{"@type":"EntryPoint","urlTemplate":"https:\/\/bullesdenuit.com\/fr\/?s={search_term_string}"},"query-input":{"@type":"PropertyValueSpecification","valueRequired":true,"valueName":"search_term_string"}}],"inLanguage":"en-CA"},{"@type":"Organization","@id":"https:\/\/bullesdenuit.com\/fr\/#organization","name":"Bulles de Nuit","url":"https:\/\/bullesdenuit.com\/fr\/","logo":{"@type":"ImageObject","inLanguage":"en-CA","@id":"https:\/\/bullesdenuit.com\/fr\/#\/schema\/logo\/image\/","url":"https:\/\/bullesdenuit.com\/wp-content\/uploads\/2024\/10\/bulle-de-nuit1060-1.png","contentUrl":"https:\/\/bullesdenuit.com\/wp-content\/uploads\/2024\/10\/bulle-de-nuit1060-1.png","width":764,"height":764,"caption":"Bulles de Nuit"},"image":{"@id":"https:\/\/bullesdenuit.com\/fr\/#\/schema\/logo\/image\/"},"sameAs":["https:\/\/www.facebook.com\/bullesdenuit","https:\/\/www.instagram.com\/bullesdenuit","https:\/\/www.tiktok.com\/@bullesdenuit","https:\/\/ca.pinterest.com\/Bullesdenuit\/"]}]}},"_links":{"self":[{"href":"https:\/\/bullesdenuit.com\/en\/wp-json\/wp\/v2\/pages\/196","targetHints":{"allow":["GET"]}}],"collection":[{"href":"https:\/\/bullesdenuit.com\/en\/wp-json\/wp\/v2\/pages"}],"about":[{"href":"https:\/\/bullesdenuit.com\/en\/wp-json\/wp\/v2\/types\/page"}],"author":[{"embeddable":true,"href":"https:\/\/bullesdenuit.com\/en\/wp-json\/wp\/v2\/users\/1"}],"replies":[{"embeddable":true,"href":"https:\/\/bullesdenuit.com\/en\/wp-json\/wp\/v2\/comments?post=196"}],"version-history":[{"count":25,"href":"https:\/\/bullesdenuit.com\/en\/wp-json\/wp\/v2\/pages\/196\/revisions"}],"predecessor-version":[{"id":763,"href":"https:\/\/bullesdenuit.com\/en\/wp-json\/wp\/v2\/pages\/196\/revisions\/763"}],"wp:attachment":[{"href":"https:\/\/bullesdenuit.com\/en\/wp-json\/wp\/v2\/media?parent=196"}],"curies":[{"name":"wp","href":"https:\/\/api.w.org\/{rel}","templated":true}]}}